{"id":880,"date":"2015-07-18T11:17:12","date_gmt":"2015-07-18T10:17:12","guid":{"rendered":"http:\/\/escaleamap.free.fr\/?page_id=880"},"modified":"2024-10-30T22:37:06","modified_gmt":"2024-10-30T21:37:06","slug":"calendrier-2","status":"publish","type":"page","link":"https:\/\/escale-amap.fr\/index.php\/calendrier-2\/","title":{"rendered":"Calendrier"},"content":{"rendered":"<p><!-- [if !excel]>&nbsp;&nbsp;<![endif]--><\/p>\n<p><!--Les informations suivantes ont \u00e9t\u00e9 g\u00e9n\u00e9r\u00e9es par l\u2019Assistant Publier en tant\nque page web de Microsoft Excel.--><\/p>\n<p><!--SI vous republiez le m\u00eame \u00e9l\u00e9ment \u00e0 partir d'Excel, toutes les informations\nentre les balises DIV seront remplac\u00e9es.--><!-----------------------------><\/p>\n<p><!--D\u00c9BUT DE LA SORTIE \u00c0 PARTIR DE L'ASSISTANT PUBLIER EN TANT QUE PAGE WEB\nD'EXCEL --><!-----------------------------><\/p>\n<p style=\"text-align: left;\" align=\"center\"><strong>Pour savoir quels produits sont livr\u00e9s quand, rendez-vous sur AMAPJ rubrique \u00ab\u00a0D\u00e9couverte\/visite\u00a0\u00bb.<\/strong><\/p>\n<p><a href=\"https:\/\/s8.amapj.fr\/p\/escalquens\">https:\/\/s8.amapj.fr\/p\/escalquens<\/a><\/p>\n<p>Dans le document \u00ab\u00a0<a href=\"https:\/\/escale-amap.fr\/wp-content\/uploads\/2024\/01\/DocumentationAMAPJ.pdf\">DocumentationAMAPJ<\/a>\u00a0\u00bb\u00a0 vous trouverez la r\u00e9ponse aux questions suivantes :\u00a0<\/p>\n<div dir=\"ltr\">&#8211; Comment faire pour retrouver tous mes contrats ?<\/div>\n<div dir=\"ltr\">&#8211; Comment faire pour savoir quels produits me seront livr\u00e9s mardi prochain ?<\/div>\n<div dir=\"ltr\">&#8211; Quand seront encaiss\u00e9s mes ch\u00e8ques ?<\/div>\n<div dir=\"ltr\">&#8211; Comment m&rsquo;inscrire aux permanences de distribution ou comment savoir quand je suis inscrit.e ?<\/div>\n<div dir=\"ltr\">\u00a0<\/div>\n<hr \/>\n<div align=\"center\">\u00a0<\/div>\n\n\n<figure class=\"wp-block-image size-full\"><img loading=\"lazy\" decoding=\"async\" width=\"768\" height=\"592\" src=\"https:\/\/escale-amap.fr\/wp-content\/uploads\/2023\/07\/2015-non-calibrage-legumes-768x592-1.jpg\" alt=\"\" class=\"wp-image-2569\" srcset=\"https:\/\/escale-amap.fr\/wp-content\/uploads\/2023\/07\/2015-non-calibrage-legumes-768x592-1.jpg 768w, https:\/\/escale-amap.fr\/wp-content\/uploads\/2023\/07\/2015-non-calibrage-legumes-768x592-1-300x231.jpg 300w, https:\/\/escale-amap.fr\/wp-content\/uploads\/2023\/07\/2015-non-calibrage-legumes-768x592-1-389x300.jpg 389w\" sizes=\"auto, (max-width: 768px) 100vw, 768px\" \/><\/figure>\n","protected":false},"excerpt":{"rendered":"<p>Pour savoir quels produits sont livr\u00e9s quand, rendez-vous sur AMAPJ rubrique \u00ab\u00a0D\u00e9couverte\/visite\u00a0\u00bb. https:\/\/s8.amapj.fr\/p\/escalquens Dans le document \u00ab\u00a0DocumentationAMAPJ\u00a0\u00bb\u00a0 vous trouverez la r\u00e9ponse aux questions suivantes :\u00a0 &#8211; Comment faire pour retrouver tous mes contrats ? &#8211; Comment faire pour savoir quels &hellip; <a href=\"https:\/\/escale-amap.fr\/index.php\/calendrier-2\/\">Continuer la lecture <span class=\"meta-nav\">&rarr;<\/span><\/a><\/p>\n","protected":false},"author":1,"featured_media":2569,"parent":0,"menu_order":0,"comment_status":"closed","ping_status":"closed","template":"sidebar-page.php","meta":{"footnotes":""},"class_list":["post-880","page","type-page","status-publish","has-post-thumbnail","hentry"],"_links":{"self":[{"href":"https:\/\/escale-amap.fr\/index.php\/wp-json\/wp\/v2\/pages\/880","targetHints":{"allow":["GET"]}}],"collection":[{"href":"https:\/\/escale-amap.fr\/index.php\/wp-json\/wp\/v2\/pages"}],"about":[{"href":"https:\/\/escale-amap.fr\/index.php\/wp-json\/wp\/v2\/types\/page"}],"author":[{"embeddable":true,"href":"https:\/\/escale-amap.fr\/index.php\/wp-json\/wp\/v2\/users\/1"}],"replies":[{"embeddable":true,"href":"https:\/\/escale-amap.fr\/index.php\/wp-json\/wp\/v2\/comments?post=880"}],"version-history":[{"count":6,"href":"https:\/\/escale-amap.fr\/index.php\/wp-json\/wp\/v2\/pages\/880\/revisions"}],"predecessor-version":[{"id":2889,"href":"https:\/\/escale-amap.fr\/index.php\/wp-json\/wp\/v2\/pages\/880\/revisions\/2889"}],"wp:featuredmedia":[{"embeddable":true,"href":"https:\/\/escale-amap.fr\/index.php\/wp-json\/wp\/v2\/media\/2569"}],"wp:attachment":[{"href":"https:\/\/escale-amap.fr\/index.php\/wp-json\/wp\/v2\/media?parent=880"}],"curies":[{"name":"wp","href":"https:\/\/api.w.org\/{rel}","templated":true}]}}