{"id":15,"date":"2013-07-14T08:01:45","date_gmt":"2013-07-14T07:01:45","guid":{"rendered":"http:\/\/escaleamap.free.fr\/?page_id=15"},"modified":"2025-10-27T21:44:47","modified_gmt":"2025-10-27T20:44:47","slug":"fruits","status":"publish","type":"page","link":"https:\/\/escale-amap.fr\/index.php\/produits-de-la-ferme\/fruits\/","title":{"rendered":"Fruits"},"content":{"rendered":"<div>\n<p style=\"text-align: justify;\"><img loading=\"lazy\" decoding=\"async\" class=\"wp-image-94 size-medium alignleft\" src=\"https:\/\/escale-amap.fr\/wp-content\/uploads\/2013\/07\/20-300x225.jpg\" alt=\"\" width=\"300\" height=\"225\" srcset=\"https:\/\/escale-amap.fr\/wp-content\/uploads\/2013\/07\/20-300x225.jpg 300w, https:\/\/escale-amap.fr\/wp-content\/uploads\/2013\/07\/20-1024x768.jpg 1024w, https:\/\/escale-amap.fr\/wp-content\/uploads\/2013\/07\/20-768x576.jpg 768w, https:\/\/escale-amap.fr\/wp-content\/uploads\/2013\/07\/20.jpg 1200w\" sizes=\"auto, (max-width: 300px) 100vw, 300px\" \/><strong>Section \u00ab\u00a0AMAPomme\u00a0\u00bb<\/strong><br \/>\nLa ferme de la guillote de Christine et St\u00e9phane Astoul est situ\u00e9e \u00e0 Lafran\u00e7aise (82).<\/p>\n<p style=\"text-align: justify;\">Elle est situ\u00e9e au coeur d&rsquo;un cirque de collines expos\u00e9 plein sud et surplombant la plaine du Tarn.<\/p>\n<p>Les vergers se r\u00e9partissent en terrasses et laissent une large places aux prairies qui accueillent un troupeau de moutons.<br \/>\nLes principales productions fruiti\u00e8res sont:<\/p>\n<ul style=\"text-align: justify;\">\n<li>les cerises (Burlat, Starking, Rainier, Vam, Coeur de pigeon, Sumit, Durne, Gain; Hedelfingen)<\/li>\n<li>les prunes (Golden Japan, Mirabelles, d&rsquo;Ente, Bavay, Reine Claudes)<\/li>\n<li>les pommes (Reinettes grises du Canada, Florina Querina, Priam, Akane, Initial Gala)<\/li>\n<li>les figues<\/li>\n<li>Situ\u00e9e en zone d&rsquo;appellation de Moissac et id\u00e9alement expos\u00e9s on a des vignes de Chasselas et de l&rsquo;Italia.<\/li>\n<\/ul>\n<p style=\"text-align: justify;\">Tous ces produits sont \u00e9galement transform\u00e9s en jus de fruits, jus de pommes, jus de raisin, jus de pomme raisin, p\u00e9tillant de pomme, confitures diverses.<\/p>\n<p style=\"text-align: justify;\">Les vari\u00e9t\u00e9s utilis\u00e9es sont adapt\u00e9es au climat et la production est de type biologique.<\/p>\n<p style=\"text-align: justify;\">Plus d&rsquo;infos sur <a href=\"http:\/\/fermedelaguillote.blogspot.fr\/\">le site de la ferme<\/a><\/p>\n<p style=\"text-align: justify;\">Les distributions\u00a0ont lieu le mardi soir \u00e0 Escalquens de 19h00 \u00e0 20h00.<\/p>\n<p>La livraison s&rsquo;effectue par barquettes (afin d&rsquo;\u00e9viter trop de manutention des fruits) de juin \u00e0 fin octobre et tous les 15 jours de novembre \u00e0 fin d\u00e9cembre puis une fois par mois de janvier \u00e0 avril.<\/p>\n<p><span style=\"text-decoration: underline;\"><strong>Pour la saison 2026, les prix des fruits sont les suivants<\/strong><\/span>\u00a0\u00a0 :<\/p>\n<ul>\n<li>Un panier pour 2 personnes : 10,50 \u20ac<\/li>\n<li>Adh\u00e9sion annuelle au r\u00e9seau des AMAP : 20\u20ac (1 seule adh\u00e9sion m\u00eame si vous \u00eates inscrit \u00e0 plusieurs sections)<\/li>\n<li>Adh\u00e9sion annuelle \u00e0 Escale AMAP : 5\u20ac (1 seule adh\u00e9sion m\u00eame si vous \u00eates inscrit \u00e0 plusieurs sections)<\/li>\n<\/ul>\n<p><img loading=\"lazy\" decoding=\"async\" class=\"alignnone wp-image-112 \" src=\"https:\/\/escale-amap.fr\/wp-content\/uploads\/2013\/07\/fruits2.jpg\" alt=\"\" width=\"166\" height=\"127\" \/><img loading=\"lazy\" decoding=\"async\" class=\"wp-image-97 size-medium alignleft\" src=\"https:\/\/escale-amap.fr\/wp-content\/uploads\/2013\/07\/24-225x300.jpg\" alt=\"\" width=\"225\" height=\"300\" srcset=\"https:\/\/escale-amap.fr\/wp-content\/uploads\/2013\/07\/24-225x300.jpg 225w, https:\/\/escale-amap.fr\/wp-content\/uploads\/2013\/07\/24.jpg 768w\" sizes=\"auto, (max-width: 225px) 100vw, 225px\" \/><\/p>\n<p><img loading=\"lazy\" decoding=\"async\" class=\"wp-image-111  alignnone\" src=\"https:\/\/escale-amap.fr\/wp-content\/uploads\/2013\/07\/fruits.jpg\" alt=\"\" width=\"176\" height=\"127\" \/><\/p>\n<\/div>\n<p style=\"text-align: justify;\">\u00a0Le contrat est disponible dans la rubrique <a href=\"https:\/\/escale-amap.fr\/index.php\/contrats\/\">Contrats<\/a>.<\/p>\n","protected":false},"excerpt":{"rendered":"<p>Section \u00ab\u00a0AMAPomme\u00a0\u00bb La ferme de la guillote de Christine et St\u00e9phane Astoul est situ\u00e9e \u00e0 Lafran\u00e7aise (82). Elle est situ\u00e9e au coeur d&rsquo;un cirque de collines expos\u00e9 plein sud et surplombant la plaine du Tarn. Les vergers se r\u00e9partissent en &hellip; <a href=\"https:\/\/escale-amap.fr\/index.php\/produits-de-la-ferme\/fruits\/\">Continuer la lecture <span class=\"meta-nav\">&rarr;<\/span><\/a><\/p>\n","protected":false},"author":1,"featured_media":0,"parent":142,"menu_order":2,"comment_status":"closed","ping_status":"closed","template":"sidebar-page.php","meta":{"footnotes":""},"class_list":["post-15","page","type-page","status-publish","hentry"],"_links":{"self":[{"href":"https:\/\/escale-amap.fr\/index.php\/wp-json\/wp\/v2\/pages\/15","targetHints":{"allow":["GET"]}}],"collection":[{"href":"https:\/\/escale-amap.fr\/index.php\/wp-json\/wp\/v2\/pages"}],"about":[{"href":"https:\/\/escale-amap.fr\/index.php\/wp-json\/wp\/v2\/types\/page"}],"author":[{"embeddable":true,"href":"https:\/\/escale-amap.fr\/index.php\/wp-json\/wp\/v2\/users\/1"}],"replies":[{"embeddable":true,"href":"https:\/\/escale-amap.fr\/index.php\/wp-json\/wp\/v2\/comments?post=15"}],"version-history":[{"count":4,"href":"https:\/\/escale-amap.fr\/index.php\/wp-json\/wp\/v2\/pages\/15\/revisions"}],"predecessor-version":[{"id":3105,"href":"https:\/\/escale-amap.fr\/index.php\/wp-json\/wp\/v2\/pages\/15\/revisions\/3105"}],"up":[{"embeddable":true,"href":"https:\/\/escale-amap.fr\/index.php\/wp-json\/wp\/v2\/pages\/142"}],"wp:attachment":[{"href":"https:\/\/escale-amap.fr\/index.php\/wp-json\/wp\/v2\/media?parent=15"}],"curies":[{"name":"wp","href":"https:\/\/api.w.org\/{rel}","templated":true}]}}