{"id":13,"date":"2013-07-14T07:56:03","date_gmt":"2013-07-14T06:56:03","guid":{"rendered":"http:\/\/escaleamap.free.fr\/?page_id=13"},"modified":"2025-11-22T22:58:52","modified_gmt":"2025-11-22T21:58:52","slug":"legumes","status":"publish","type":"page","link":"https:\/\/escale-amap.fr\/index.php\/produits-de-la-ferme\/legumes\/","title":{"rendered":"L\u00e9gumes"},"content":{"rendered":"<p><img loading=\"lazy\" decoding=\"async\" class=\"wp-image-58 size-medium alignleft\" src=\"https:\/\/escale-amap.fr\/wp-content\/uploads\/2013\/07\/champ1-225x300.jpg\" alt=\"\" width=\"225\" height=\"300\" srcset=\"https:\/\/escale-amap.fr\/wp-content\/uploads\/2013\/07\/champ1-225x300.jpg 225w, https:\/\/escale-amap.fr\/wp-content\/uploads\/2013\/07\/champ1.jpg 300w\" sizes=\"auto, (max-width: 225px) 100vw, 225px\" \/><\/p>\n<p><strong>\u00a0Section \u00ab\u00a0Escarole\u00a0\u00bb<\/strong><\/p>\n<p>La ferme d\u2019Olivier est situ\u00e9e \u00e0 25mn d\u2019Escalquens, entre le Lauragais et le vignoble du Frontonnais.<br \/>\nLes vari\u00e9t\u00e9s utilis\u00e9es sont adapt\u00e9es au climat et la production est de type biologique.<br \/>\nIl n&rsquo;y a\u00a0 ni engrais ni produits phytosanitaires de synth\u00e8se, ni chauffage de serre.<\/p>\n<p><img loading=\"lazy\" decoding=\"async\" class=\"size-full wp-image-2331 aligncenter\" src=\"https:\/\/escale-amap.fr\/wp-content\/uploads\/2022\/10\/DSC8554.jpg\" alt=\"\" width=\"300\" height=\"199\" \/><\/p>\n<p>Olivier choisit les vari\u00e9t\u00e9s, en accord avec les consommateurs, pour leur qualit\u00e9 gustative, et non plus pour leur r\u00e9sistance au\u00a0\u00a0\u00a0 transport ou pour leur seul aspect.<br \/>\nIl respecte les exigences de la culture, sans les \u00ab\u00a0forcer\u00a0\u00bb.<\/p>\n<p><img loading=\"lazy\" decoding=\"async\" class=\"alignnone wp-image-72 size-full aligncenter\" src=\"https:\/\/escale-amap.fr\/wp-content\/uploads\/2013\/07\/champ2.jpg\" alt=\"\" width=\"300\" height=\"171\" \/><\/p>\n<div>\n<p style=\"text-align: justify;\">La saison est compos\u00e9e de 40 semaines, soit 40 paniers de mi-juin \u00e0 mi-mars.<br \/>\nLes distributions\u00a0ont lieu le mardi soir 19h00-20h00 \u00e0 Escalquens.<br \/>\nL\u2019engagement court sur la saison avec un r\u00e8glement en une ou plusieurs \u00e9ch\u00e9ances.<\/p>\n<p style=\"text-align: justify;\"><a href=\"http:\/\/escaleamap.free.fr\/wp-content\/uploads\/150.jpg\"><img loading=\"lazy\" decoding=\"async\" class=\"aligncenter wp-image-71 size-medium\" src=\"https:\/\/escale-amap.fr\/wp-content\/uploads\/2013\/07\/150-300x225.jpg\" alt=\"150\" width=\"300\" height=\"225\" srcset=\"https:\/\/escale-amap.fr\/wp-content\/uploads\/2013\/07\/150-300x225.jpg 300w, https:\/\/escale-amap.fr\/wp-content\/uploads\/2013\/07\/150.jpg 500w\" sizes=\"auto, (max-width: 300px) 100vw, 300px\" \/><\/a><span style=\"text-decoration: underline;\"><br \/>\n<a id=\"tarifs-legumes\" name=\"tarifs-legumes\"><\/a><br \/>\n<strong>Pour la saison 2024, les prix des l\u00e9gumes sont les suivants<\/strong><\/span>\u00a0\u00a0 :<br \/>\nUn panier pour 3 personnes : 20,50 \u20ac<br \/>\nAdh\u00e9sion annuelle au r\u00e9seau des AMAP : 20\u20ac<br \/>\nAdh\u00e9sion annuelle \u00e0 Escale AMAP : 5\u20ac<br \/>\n(1 seule adh\u00e9sion m\u00eame si vous \u00eates inscrit \u00e0 plusieurs sections)<\/p>\n<p><img loading=\"lazy\" decoding=\"async\" class=\"wp-image-73 size-full aligncenter\" src=\"https:\/\/escale-amap.fr\/wp-content\/uploads\/2013\/07\/enfants.jpg\" alt=\"\" width=\"300\" height=\"225\" \/><\/p>\n<\/div>\n<p style=\"text-align: justify;\">\u00a0Le contrat est disponible dans\u00a0la rubrique <a href=\"https:\/\/escale-amap.fr\/index.php\/contrats\/\">Contrats<\/a>.<\/p>\n","protected":false},"excerpt":{"rendered":"<p>\u00a0Section \u00ab\u00a0Escarole\u00a0\u00bb La ferme d\u2019Olivier est situ\u00e9e \u00e0 25mn d\u2019Escalquens, entre le Lauragais et le vignoble du Frontonnais. Les vari\u00e9t\u00e9s utilis\u00e9es sont adapt\u00e9es au climat et la production est de type biologique. Il n&rsquo;y a\u00a0 ni engrais ni produits phytosanitaires &hellip; <a href=\"https:\/\/escale-amap.fr\/index.php\/produits-de-la-ferme\/legumes\/\">Continuer la lecture <span class=\"meta-nav\">&rarr;<\/span><\/a><\/p>\n","protected":false},"author":1,"featured_media":0,"parent":142,"menu_order":1,"comment_status":"closed","ping_status":"closed","template":"sidebar-page.php","meta":{"footnotes":""},"class_list":["post-13","page","type-page","status-publish","hentry"],"_links":{"self":[{"href":"https:\/\/escale-amap.fr\/index.php\/wp-json\/wp\/v2\/pages\/13","targetHints":{"allow":["GET"]}}],"collection":[{"href":"https:\/\/escale-amap.fr\/index.php\/wp-json\/wp\/v2\/pages"}],"about":[{"href":"https:\/\/escale-amap.fr\/index.php\/wp-json\/wp\/v2\/types\/page"}],"author":[{"embeddable":true,"href":"https:\/\/escale-amap.fr\/index.php\/wp-json\/wp\/v2\/users\/1"}],"replies":[{"embeddable":true,"href":"https:\/\/escale-amap.fr\/index.php\/wp-json\/wp\/v2\/comments?post=13"}],"version-history":[{"count":4,"href":"https:\/\/escale-amap.fr\/index.php\/wp-json\/wp\/v2\/pages\/13\/revisions"}],"predecessor-version":[{"id":3128,"href":"https:\/\/escale-amap.fr\/index.php\/wp-json\/wp\/v2\/pages\/13\/revisions\/3128"}],"up":[{"embeddable":true,"href":"https:\/\/escale-amap.fr\/index.php\/wp-json\/wp\/v2\/pages\/142"}],"wp:attachment":[{"href":"https:\/\/escale-amap.fr\/index.php\/wp-json\/wp\/v2\/media?parent=13"}],"curies":[{"name":"wp","href":"https:\/\/api.w.org\/{rel}","templated":true}]}}