{"id":1070,"date":"2016-03-31T18:20:37","date_gmt":"2016-03-31T17:20:37","guid":{"rendered":"http:\/\/escaleamap.free.fr\/?page_id=1070"},"modified":"2023-12-12T22:34:40","modified_gmt":"2023-12-12T21:34:40","slug":"boeuf-et-veau","status":"publish","type":"page","link":"https:\/\/escale-amap.fr\/index.php\/produits-de-la-ferme\/boeuf-et-veau\/","title":{"rendered":"Boeuf et veau"},"content":{"rendered":"<h1>Section \u00ab\u00a0Escal&rsquo;Hope\u00a0\u00bb<\/h1>\n<p><img loading=\"lazy\" decoding=\"async\" class=\"wp-image-1071 size-medium aligncenter\" src=\"https:\/\/escale-amap.fr\/wp-content\/uploads\/2016\/03\/salle_de_decoupe_agree_sanitaire-300x149.jpg\" alt=\"\" width=\"300\" height=\"149\" srcset=\"https:\/\/escale-amap.fr\/wp-content\/uploads\/2016\/03\/salle_de_decoupe_agree_sanitaire-300x149.jpg 300w, https:\/\/escale-amap.fr\/wp-content\/uploads\/2016\/03\/salle_de_decoupe_agree_sanitaire.jpg 500w\" sizes=\"auto, (max-width: 300px) 100vw, 300px\" \/><\/p>\n<p>C&rsquo;est \u00e0 la <strong>ferme de Taux<\/strong> que <strong>Christian, Benjamin et Camille Asna<\/strong> \u00e9l\u00e8vent des vaches et des veaux. Cette ferme est situ\u00e9e \u00e0 Castex dans l&rsquo;Ari\u00e8ge.<br \/>\nLes vaches sont log\u00e9es dans une stabulation libre de d\u00e9cembre \u00e0 avril, o\u00f9 elles sont nourries avec les produits de la ferme: foin, luzerne et c\u00e9r\u00e9ales bio. Dans la stabulation (enti\u00e8rement en bois), les vaches sont allott\u00e9es en fonction de leur \u00e2ge et de leur mise bas ce qui permet d\u2019adapter l\u2019alimentation \u00e0 chaque lot. Les veaux disposent d\u2019un box \u00e0 part des m\u00e8res qui leur assure, tranquillit\u00e9 et bien-\u00eatre.<br \/>\nAu printemps, elles paissent sur les prairies de l\u2019exploitation de Castex avec leurs veaux. De juin \u00e0 octobre, elles sont en estive, dans les Pyr\u00e9n\u00e9es, pr\u00e8s du Plateau de Beille, entre 1300 et 2400 m\u00e8tres d\u2019altitude.<br \/>\nA l\u2019automne, les veaux et leurs m\u00e8res regagnent les prairies de Castex avant de rentrer dans l\u2019\u00e9table.<\/p>\n<p>L&rsquo;\u00e9levage est certifi\u00e9 Bio et Label Rouge, ce qui garantit une viande de qualit\u00e9 sup\u00e9rieure.<\/p>\n<p>Plus d&rsquo;infos sur le <a title=\"Chritian Asna - Ferme de Taux\" href=\"https:\/\/www.gaec-ab2c.com\/#!\" target=\"_blank\" rel=\"noopener noreferrer\">site de la ferme de Taux<\/a><\/p>\n<p><img loading=\"lazy\" decoding=\"async\" class=\"wp-image-1072 size-medium alignleft\" src=\"https:\/\/escale-amap.fr\/wp-content\/uploads\/2016\/03\/vache_veau_en_estive_luzenac-300x225.jpg\" alt=\"\" width=\"300\" height=\"225\" srcset=\"https:\/\/escale-amap.fr\/wp-content\/uploads\/2016\/03\/vache_veau_en_estive_luzenac-300x225.jpg 300w, https:\/\/escale-amap.fr\/wp-content\/uploads\/2016\/03\/vache_veau_en_estive_luzenac.jpg 500w\" sizes=\"auto, (max-width: 300px) 100vw, 300px\" \/> <img loading=\"lazy\" decoding=\"async\" class=\"wp-image-1073 size-medium alignright\" src=\"https:\/\/escale-amap.fr\/wp-content\/uploads\/2016\/03\/20111129_0052-300x200.jpg\" alt=\"\" width=\"300\" height=\"200\" srcset=\"https:\/\/escale-amap.fr\/wp-content\/uploads\/2016\/03\/20111129_0052-300x200.jpg 300w, https:\/\/escale-amap.fr\/wp-content\/uploads\/2016\/03\/20111129_0052-768x511.jpg 768w, https:\/\/escale-amap.fr\/wp-content\/uploads\/2016\/03\/20111129_0052.jpg 800w\" sizes=\"auto, (max-width: 300px) 100vw, 300px\" \/><\/p>\n<p><strong>Composition des colis<\/strong><br \/>\nLe Colis Eleveur (6 kg) est compos\u00e9 de b\u0153uf, de veau ou un m\u00e9lange des deux. Il contient environ :<br \/>\n60% de morceaux \u00e0 griller<br \/>\n40% de morceaux pour plats en sauce<\/p>\n<p>Le colis Grillade (6 kg) ne contient que de la viande \u00e0 griller.<\/p>\n<p>Possibilit\u00e9 de commander des steack hach\u00e9s, saucisses ou merguez par colis d&rsquo;au moins 3 kgs sans m\u00e9lange \u00e0 15 euros le kg.<br \/>\nLes morceaux sont emball\u00e9s sous vide pour une consommation dans les 15 jours ou pour cong\u00e9lation.<\/p>\n<p><strong>Livraisons<\/strong><br \/>\nLes distributions ont lieu <strong>le dernier mercredi du mois<\/strong> entre 18h30 et 19h30 \u00e0 la Maison des Associations (42, avenue Auguste Labouilhe) \u00e0 Saint Orens de Gameville. Un rappel est envoy\u00e9 en d\u00e9but de semaine.<\/p>\n<p><a id=\"tarifs-boeuf-veau\" name=\"tarifs-boeuf-veau\"><\/a><b>Tarifs du b\u0153uf et du veau<\/b><br \/>\nL\u2019engagement de chaque adh\u00e9rent, est formalis\u00e9 par la signature d\u2019un <a href=\"https:\/\/escale-amap.fr\/index.php\/contrats\/\">contrat<\/a>, le nombre de distributions est libre (11 max dans l&rsquo;ann\u00e9e). Vous y trouverez tous les tarifs d\u00e9taill\u00e9s.<\/p>\n<p>Adh\u00e9sion annuelle au r\u00e9seau des AMAP : 20\u20ac<br \/>\nAdh\u00e9sion annuelle \u00e0 Escale AMAP : 5\u20ac<br \/>\n(1 seule adh\u00e9sion m\u00eame si vous \u00eates inscrit \u00e0 plusieurs sections)<\/p>\n","protected":false},"excerpt":{"rendered":"<p>Section \u00ab\u00a0Escal&rsquo;Hope\u00a0\u00bb C&rsquo;est \u00e0 la ferme de Taux que Christian, Benjamin et Camille Asna \u00e9l\u00e8vent des vaches et des veaux. Cette ferme est situ\u00e9e \u00e0 Castex dans l&rsquo;Ari\u00e8ge. Les vaches sont log\u00e9es dans une stabulation libre de d\u00e9cembre \u00e0 avril, &hellip; <a href=\"https:\/\/escale-amap.fr\/index.php\/produits-de-la-ferme\/boeuf-et-veau\/\">Continuer la lecture <span class=\"meta-nav\">&rarr;<\/span><\/a><\/p>\n","protected":false},"author":1,"featured_media":0,"parent":142,"menu_order":0,"comment_status":"closed","ping_status":"open","template":"sidebar-page.php","meta":{"footnotes":""},"class_list":["post-1070","page","type-page","status-publish","hentry"],"_links":{"self":[{"href":"https:\/\/escale-amap.fr\/index.php\/wp-json\/wp\/v2\/pages\/1070","targetHints":{"allow":["GET"]}}],"collection":[{"href":"https:\/\/escale-amap.fr\/index.php\/wp-json\/wp\/v2\/pages"}],"about":[{"href":"https:\/\/escale-amap.fr\/index.php\/wp-json\/wp\/v2\/types\/page"}],"author":[{"embeddable":true,"href":"https:\/\/escale-amap.fr\/index.php\/wp-json\/wp\/v2\/users\/1"}],"replies":[{"embeddable":true,"href":"https:\/\/escale-amap.fr\/index.php\/wp-json\/wp\/v2\/comments?post=1070"}],"version-history":[{"count":3,"href":"https:\/\/escale-amap.fr\/index.php\/wp-json\/wp\/v2\/pages\/1070\/revisions"}],"predecessor-version":[{"id":2740,"href":"https:\/\/escale-amap.fr\/index.php\/wp-json\/wp\/v2\/pages\/1070\/revisions\/2740"}],"up":[{"embeddable":true,"href":"https:\/\/escale-amap.fr\/index.php\/wp-json\/wp\/v2\/pages\/142"}],"wp:attachment":[{"href":"https:\/\/escale-amap.fr\/index.php\/wp-json\/wp\/v2\/media?parent=1070"}],"curies":[{"name":"wp","href":"https:\/\/api.w.org\/{rel}","templated":true}]}}